{"id":2517,"date":"2020-09-17T19:40:48","date_gmt":"2020-09-17T17:40:48","guid":{"rendered":"https:\/\/www.watabi.it\/blog\/?page_id=2517"},"modified":"2020-09-21T20:35:10","modified_gmt":"2020-09-21T18:35:10","slug":"viaggio-a-tokyo","status":"publish","type":"page","link":"https:\/\/www.watabi.it\/blog\/viaggio-a-tokyo\/","title":{"rendered":"Viaggio a Tokyo"},"content":{"rendered":"\n<p>Tokyo, capitale del Giappone, non solo \u00e8 la porta di accesso principale al paese ma \u00e8 divenuta in anni recenti una delle principali mete turistiche dell&#8217;estremo oriente. Se state cercando informazioni per organizzare la vostra vacanza a Tokyo questa guida \u00e8 per voi. <\/p>\n\n\n<div class=\"pt-cv-wrapper\"><div class=\"pt-cv-view pt-cv-grid pt-cv-colsys\" id=\"pt-cv-view-45790d2d16\"><div data-id=\"pt-cv-page-1\" class=\"pt-cv-page\" data-cvc=\"3\"><div class=\"col-md-4 col-sm-4 col-xs-12 pt-cv-content-item pt-cv-1-col\" ><div class='pt-cv-ifield'><a href=\"https:\/\/www.watabi.it\/blog\/viaggio-a-tokyo\/aeroporti\/\" class=\"_blank pt-cv-href-thumbnail pt-cv-thumb-default\" target=\"_blank\" ><img decoding=\"async\" width=\"300\" height=\"201\" src=\"https:\/\/www.watabi.it\/blog\/wp-content\/uploads\/2020\/04\/da-narita-a-tokyo-300x201.jpg\" class=\"pt-cv-thumbnail\" alt=\"il treno Narita express fotografato frontalmente\" \/><\/a>\n<h4 class=\"pt-cv-title\"><a href=\"https:\/\/www.watabi.it\/blog\/viaggio-a-tokyo\/aeroporti\/\" class=\"_blank\" target=\"_blank\" >Aeroporti di Tokyo<\/a><\/h4>\n<div class=\"pt-cv-content\">Gli aeroporti internazionali di Tokyo sono due: Narita (NRT) e Haneda (HND). Al contrario di Haneda che \u00e8 posto all'interno della citt\u00e0, Narita dista pi\u00f9 di 70km dal centro. Alcuni scherzano bonariamente su questa distanza sostenendo che NRT sia l'acronimo di \"Not Really Tokyo\". Come regola generale ricordate che se ...<br \/><div class=\"pt-cv-rmwrap\"><a href=\"https:\/\/www.watabi.it\/blog\/viaggio-a-tokyo\/aeroporti\/\" class=\"_blank pt-cv-readmore btn btn-success\" target=\"_blank\">Leggi Tutto<\/a><\/div><\/div><\/div><\/div>\n<div class=\"col-md-4 col-sm-4 col-xs-12 pt-cv-content-item pt-cv-1-col\" ><div class='pt-cv-ifield'><a href=\"https:\/\/www.watabi.it\/blog\/viaggio-a-tokyo\/dove-dormire\/\" class=\"_blank pt-cv-href-thumbnail pt-cv-thumb-default\" target=\"_blank\" ><img decoding=\"async\" width=\"300\" height=\"188\" src=\"https:\/\/www.watabi.it\/blog\/wp-content\/uploads\/2020\/09\/dove-dormire-a-tokyo-copertina-300x188.jpg\" class=\"pt-cv-thumbnail\" alt=\"hotel con vista tokyo\" \/><\/a>\n<h4 class=\"pt-cv-title\"><a href=\"https:\/\/www.watabi.it\/blog\/viaggio-a-tokyo\/dove-dormire\/\" class=\"_blank\" target=\"_blank\" >Dove dormire a Tokyo<\/a><\/h4>\n<div class=\"pt-cv-content\">Molti viaggiatori ci chiedono spesso di pernottare vicino al centro in modo da apprezzare al meglio Tokyo e non doversi spostare troppo per visitare la citt\u00e0. Questa per\u00f2 \u00e8 una strategia che \u00e8 difficile applicare in Giappone e a Tokyo in particolare. Tokyo infatti \u00e8 estesa al punto di non ...<br \/><div class=\"pt-cv-rmwrap\"><a href=\"https:\/\/www.watabi.it\/blog\/viaggio-a-tokyo\/dove-dormire\/\" class=\"_blank pt-cv-readmore btn btn-success\" target=\"_blank\">Leggi Tutto<\/a><\/div><\/div><\/div><\/div>\n<div class=\"col-md-4 col-sm-4 col-xs-12 pt-cv-content-item pt-cv-1-col\" ><div class='pt-cv-ifield'><a href=\"https:\/\/www.watabi.it\/blog\/viaggio-a-tokyo\/cosa-vedere\/\" class=\"_blank pt-cv-href-thumbnail pt-cv-thumb-default\" target=\"_blank\" ><img decoding=\"async\" width=\"300\" height=\"200\" src=\"https:\/\/www.watabi.it\/blog\/wp-content\/uploads\/2020\/04\/tokyo-tower-grande-1-300x200.jpg\" class=\"pt-cv-thumbnail\" alt=\"tramonto su tokyo - watabi\" \/><\/a>\n<h4 class=\"pt-cv-title\"><a href=\"https:\/\/www.watabi.it\/blog\/viaggio-a-tokyo\/cosa-vedere\/\" class=\"_blank\" target=\"_blank\" >Cosa vedere a Tokyo<\/a><\/h4>\n<div class=\"pt-cv-content\">Tokyo \u00e8 una metropoli estesa e densamente popolata. La citt\u00e0 chiamata \u201cTokyo\u201d indica solo una parte dell\u2019immensa area popolata senza soluzioni di continuit\u00e0 che si estende tra Saitama, Chiba e a Yokohama e che ospita pi\u00f9 di 30 milioni di persone. Con il nome di Tokyo si indicano infatti solamente ...<br \/><div class=\"pt-cv-rmwrap\"><a href=\"https:\/\/www.watabi.it\/blog\/viaggio-a-tokyo\/cosa-vedere\/\" class=\"_blank pt-cv-readmore btn btn-success\" target=\"_blank\">Leggi Tutto<\/a><\/div><\/div><\/div><\/div>\n<div class=\"col-md-4 col-sm-4 col-xs-12 pt-cv-content-item pt-cv-1-col\" ><div class='pt-cv-ifield'><a href=\"https:\/\/www.watabi.it\/blog\/viaggio-a-tokyo\/storia-capitale-giappone\/\" class=\"_blank pt-cv-href-thumbnail pt-cv-thumb-default\" target=\"_blank\" ><img decoding=\"async\" width=\"300\" height=\"188\" src=\"https:\/\/www.watabi.it\/blog\/wp-content\/uploads\/2020\/05\/capitale-giappone-copertina-300x188.jpg\" class=\"pt-cv-thumbnail\" alt=\"capitale giappone copertina\" \/><\/a>\n<h4 class=\"pt-cv-title\"><a href=\"https:\/\/www.watabi.it\/blog\/viaggio-a-tokyo\/storia-capitale-giappone\/\" class=\"_blank\" target=\"_blank\" >Tokyo, storia della capitale del Giappone<\/a><\/h4>\n<div class=\"pt-cv-content\">Tokyo, la capitale del Giappone, oggi \u00e8 la pi\u00f9 grande metropoli del mondo: con ben 622 kmq di superficie, ospita circa 37 milioni di abitanti e si stima che ogni anno accolga pi\u00f9 di 10 milioni di turisti stranieri. Eppure, fino al 1600 Tokyo non era che un piccolo centro ...<br \/><div class=\"pt-cv-rmwrap\"><a href=\"https:\/\/www.watabi.it\/blog\/viaggio-a-tokyo\/storia-capitale-giappone\/\" class=\"_blank pt-cv-readmore btn btn-success\" target=\"_blank\">Leggi Tutto<\/a><\/div><\/div><\/div><\/div>\n<div class=\"col-md-4 col-sm-4 col-xs-12 pt-cv-content-item pt-cv-1-col\" ><div class='pt-cv-ifield'><a href=\"https:\/\/www.watabi.it\/blog\/viaggio-a-tokyo\/escursioni\/\" class=\"_blank pt-cv-href-thumbnail pt-cv-thumb-default\" target=\"_blank\" ><img decoding=\"async\" width=\"300\" height=\"201\" src=\"https:\/\/www.watabi.it\/blog\/wp-content\/uploads\/2020\/04\/kamakura-300x201.jpg\" class=\"pt-cv-thumbnail\" alt=\"la scalinata del tempio Hachimangu\" \/><\/a>\n<h4 class=\"pt-cv-title\"><a href=\"https:\/\/www.watabi.it\/blog\/viaggio-a-tokyo\/escursioni\/\" class=\"_blank\" target=\"_blank\" >Escursioni da Tokyo<\/a><\/h4>\n<div class=\"pt-cv-content\">Tokyo \u00e8 una citt\u00e0 che offre tantissime attivit\u00e0 e luoghi da visitare ma chi non si accontentasse o volesse fuggire dalla metropoli pu\u00f2 scegliere diverse escursioni fuori porta. Andiamo a scoprire i dintorni di Tokyo elencando 7 destinazioni raggiungibili in giornata. Nikko Arrivare a Nikko richiede circa 2 ore di ...<br \/><div class=\"pt-cv-rmwrap\"><a href=\"https:\/\/www.watabi.it\/blog\/viaggio-a-tokyo\/escursioni\/\" class=\"_blank pt-cv-readmore btn btn-success\" target=\"_blank\">Leggi Tutto<\/a><\/div><\/div><\/div><\/div><\/div><\/div><\/div>\n\n\n\n<div style=\"height:20px\" aria-hidden=\"true\" class=\"wp-block-spacer\"><\/div>\n\n\n\n<h2 class=\"wp-block-heading\">Quando viaggiare<\/h2>\n\n\n\n<p>La posizione sull&#8217;oceano rende Tokyo una citt\u00e0 non soggetta a grandi sbalzi termici tra giorno e notte. I mesi pi\u00f9 piacevoli per un viaggio a Tokyo sono sicuramente quelli che vanno da Settembre a Novembre e da Marzo a Maggio. L&#8217;estate \u00e8 molto calda e umida mentre l&#8217;inverno ha temperature comparabili a quelle del nord Italia, con il vantaggio su quest&#8217;ultimo di cieli quasi sempre sereni e tersi. Il clima medio stagionale \u00e8 riassunto nella seguente tabella:<\/p>\n\n\n\n<figure class=\"wp-block-table\"><table><tbody><tr><td>Temperature Tokyo<\/td><td>Gen<\/td><td>Feb<\/td><td>Mar<\/td><td>Apr<\/td><td>Mag<\/td><td>Giu<\/td><td>Lug<\/td><td>Ago<\/td><td>Set<\/td><td>Ott<\/td><td>Nov<\/td><td>Dic<\/td><\/tr><tr><td>Massime<\/td><td>10<\/td><td>10<\/td><td>13<\/td><td>19<\/td><td>23<\/td><td>25<\/td><td>29<\/td><td>31<\/td><td>27<\/td><td>21<\/td><td>17<\/td><td>12<\/td><\/tr><tr><td>Minime<\/td><td>1<\/td><td>2<\/td><td>4<\/td><td>10<\/td><td>15<\/td><td>18<\/td><td>22<\/td><td>24<\/td><td>20<\/td><td>14<\/td><td>9<\/td><td>4<\/td><\/tr><\/tbody><\/table><figcaption>Temperature medie massime e minime registrate a Tokyo<\/figcaption><\/figure>\n\n\n\n<div style=\"height:50px\" aria-hidden=\"true\" class=\"wp-block-spacer\"><\/div>\n\n\n\n<h2 class=\"wp-block-heading\">Come muoversi<\/h2>\n\n\n\n<p>Tokyo vanta una delle reti di trasporti pubblici pi\u00f9 capillari al mondo. I trasporti pubblici principali sono su rotaia con un totale di <strong>121 linee ferroviarie<\/strong> gestite da 30 diversi operatori. Pensate che ogni giorno gli abitanti di Tokyo compiono un totale di 40 milioni di viaggi.  Non dovete per\u00f2 farvi intimorire: dopo un leggero disorientamento iniziale  inizierete a prendere sicuramente confidenza con i mezzi di trasporto. <\/p>\n\n\n\n<h3 class=\"wp-block-heading\">IC Cards e abbonamenti<\/h3>\n\n\n\n<p>La cosa migliore da fare per viaggiare su tutti i mezzi pubblici di Tokyo \u00e8 procurarsi una IC Card (in vendita in tutte le stazioni) che altro non \u00e8 che una carta magnetica ricaricabile. Potrete caricare su questa carta con del credito che verr\u00e0 scalato ad ogni viaggio. <\/p>\n\n\n\n<p>Ogni volta che entrate e uscite da una stazione dovrete passare la IC card al cancello per farlo aprire e il sistema calcoler\u00e0 la tariffa applicabile alla vostra corsa. Il prezzo delle corse pi\u00f9 comuni all&#8217;interno di Tokyo si attestano tra i 160 e i 320 Yen (con dei massimi di 500-600 Yen per alcune tratte speciali). Le IC Card si possono ricaricare a tutte le stazioni, rigorosamente in contanti. <\/p>\n\n\n\n<p>Non esiste un unico abbonamento che copra tutte le ferrovie di Tokyo. Esiste il <strong>JR Pass<\/strong> con il quale potrete effettuare corse illimitate nel periodo di validit\u00e0 sulle linee di superficie della JR: la Yamanote line e la Chuo line. Sono poche linee rispetto alla metropolitana ma potenzialmente molto utili. <\/p>\n\n\n\n<p>Esistono poi degli <strong>abbonamenti alla metropolitana<\/strong> che coprono la maggioranza delle linee sotterranee. Gli abbonamenti metro sono di 24, 48 e 72 ore e si possono acquistare in aeroporto. La validit\u00e0 inizia al primo utilizzo. Il prezzo di questi abbonamenti parte dai 800 Yen per il 24 ore mentre l&#8217;abbonamento di 72 ore costa 1500 Yen. <\/p>\n","protected":false},"excerpt":{"rendered":"<p>Tokyo, capitale del Giappone, non solo \u00e8 la porta di accesso principale al paese ma \u00e8 divenuta in anni recenti una delle principali mete turistiche dell&#8217;estremo oriente. Se state cercando informazioni per organizzare la vostra vacanza a Tokyo questa guida \u00e8 per voi. Quando viaggiare La posizione sull&#8217;oceano rende Tokyo una citt\u00e0 non soggetta a [&hellip;]<\/p>\n","protected":false},"author":1,"featured_media":0,"parent":0,"menu_order":0,"comment_status":"open","ping_status":"closed","template":"","meta":{"footnotes":""},"class_list":["post-2517","page","type-page","status-publish","hentry"],"yoast_head":"<!-- This site is optimized with the Yoast SEO plugin v27.5 - https:\/\/yoast.com\/product\/yoast-seo-wordpress\/ -->\n<title>Viaggio a Tokyo - Watabi<\/title>\n<meta name=\"description\" content=\"La guida completa al tuo viaggio a Tokyo. I migliori hotel, i quartieri da visitare e tutte le info per muoversi nella capitale del Giappone.\" \/>\n<meta name=\"robots\" content=\"index, follow, max-snippet:-1, max-image-preview:large, max-video-preview:-1\" \/>\n<link rel=\"canonical\" href=\"https:\/\/www.watabi.it\/blog\/viaggio-a-tokyo\/\" \/>\n<meta property=\"og:locale\" content=\"it_IT\" \/>\n<meta property=\"og:type\" content=\"article\" \/>\n<meta property=\"og:title\" content=\"Viaggio a Tokyo - Watabi\" \/>\n<meta property=\"og:description\" content=\"La guida completa al tuo viaggio a Tokyo. I migliori hotel, i quartieri da visitare e tutte le info per muoversi nella capitale del Giappone.\" \/>\n<meta property=\"og:url\" content=\"https:\/\/www.watabi.it\/blog\/viaggio-a-tokyo\/\" \/>\n<meta property=\"og:site_name\" content=\"Watabi\" \/>\n<meta property=\"article:publisher\" content=\"https:\/\/www.facebook.com\/watabitravel\/\" \/>\n<meta property=\"article:modified_time\" content=\"2020-09-21T18:35:10+00:00\" \/>\n<meta name=\"twitter:card\" content=\"summary_large_image\" \/>\n<meta name=\"twitter:label1\" content=\"Tempo di lettura stimato\" \/>\n\t<meta name=\"twitter:data1\" content=\"2 minuti\" \/>\n<script type=\"application\/ld+json\" class=\"yoast-schema-graph\">{\"@context\":\"https:\\\/\\\/schema.org\",\"@graph\":[{\"@type\":\"WebPage\",\"@id\":\"https:\\\/\\\/www.watabi.it\\\/blog\\\/viaggio-a-tokyo\\\/\",\"url\":\"https:\\\/\\\/www.watabi.it\\\/blog\\\/viaggio-a-tokyo\\\/\",\"name\":\"Viaggio a Tokyo - Watabi\",\"isPartOf\":{\"@id\":\"https:\\\/\\\/www.watabi.it\\\/blog\\\/#website\"},\"datePublished\":\"2020-09-17T17:40:48+00:00\",\"dateModified\":\"2020-09-21T18:35:10+00:00\",\"description\":\"La guida completa al tuo viaggio a Tokyo. I migliori hotel, i quartieri da visitare e tutte le info per muoversi nella capitale del Giappone.\",\"breadcrumb\":{\"@id\":\"https:\\\/\\\/www.watabi.it\\\/blog\\\/viaggio-a-tokyo\\\/#breadcrumb\"},\"inLanguage\":\"it-IT\",\"potentialAction\":[{\"@type\":\"ReadAction\",\"target\":[\"https:\\\/\\\/www.watabi.it\\\/blog\\\/viaggio-a-tokyo\\\/\"]}]},{\"@type\":\"BreadcrumbList\",\"@id\":\"https:\\\/\\\/www.watabi.it\\\/blog\\\/viaggio-a-tokyo\\\/#breadcrumb\",\"itemListElement\":[{\"@type\":\"ListItem\",\"position\":1,\"name\":\"Blog\",\"item\":\"https:\\\/\\\/www.watabi.it\\\/blog\\\/\"},{\"@type\":\"ListItem\",\"position\":2,\"name\":\"Viaggio a Tokyo\"}]},{\"@type\":\"WebSite\",\"@id\":\"https:\\\/\\\/www.watabi.it\\\/blog\\\/#website\",\"url\":\"https:\\\/\\\/www.watabi.it\\\/blog\\\/\",\"name\":\"Watabi\",\"description\":\"Viaggi in Giappone e Cultura Giapponese\",\"publisher\":{\"@id\":\"https:\\\/\\\/www.watabi.it\\\/blog\\\/#organization\"},\"potentialAction\":[{\"@type\":\"SearchAction\",\"target\":{\"@type\":\"EntryPoint\",\"urlTemplate\":\"https:\\\/\\\/www.watabi.it\\\/blog\\\/?s={search_term_string}\"},\"query-input\":{\"@type\":\"PropertyValueSpecification\",\"valueRequired\":true,\"valueName\":\"search_term_string\"}}],\"inLanguage\":\"it-IT\"},{\"@type\":\"Organization\",\"@id\":\"https:\\\/\\\/www.watabi.it\\\/blog\\\/#organization\",\"name\":\"Watabi Viaggi e Tours in Giappone\",\"url\":\"https:\\\/\\\/www.watabi.it\\\/blog\\\/\",\"logo\":{\"@type\":\"ImageObject\",\"inLanguage\":\"it-IT\",\"@id\":\"https:\\\/\\\/www.watabi.it\\\/blog\\\/#\\\/schema\\\/logo\\\/image\\\/\",\"url\":\"https:\\\/\\\/www.watabi.it\\\/blog\\\/wp-content\\\/uploads\\\/2019\\\/05\\\/logo_wp.png\",\"contentUrl\":\"https:\\\/\\\/www.watabi.it\\\/blog\\\/wp-content\\\/uploads\\\/2019\\\/05\\\/logo_wp.png\",\"width\":222,\"height\":64,\"caption\":\"Watabi Viaggi e Tours in Giappone\"},\"image\":{\"@id\":\"https:\\\/\\\/www.watabi.it\\\/blog\\\/#\\\/schema\\\/logo\\\/image\\\/\"},\"sameAs\":[\"https:\\\/\\\/www.facebook.com\\\/watabitravel\\\/\",\"https:\\\/\\\/www.instagram.com\\\/watabi_travel\\\/\"]}]}<\/script>\n<!-- \/ Yoast SEO plugin. -->","yoast_head_json":{"title":"Viaggio a Tokyo - Watabi","description":"La guida completa al tuo viaggio a Tokyo. I migliori hotel, i quartieri da visitare e tutte le info per muoversi nella capitale del Giappone.","robots":{"index":"index","follow":"follow","max-snippet":"max-snippet:-1","max-image-preview":"max-image-preview:large","max-video-preview":"max-video-preview:-1"},"canonical":"https:\/\/www.watabi.it\/blog\/viaggio-a-tokyo\/","og_locale":"it_IT","og_type":"article","og_title":"Viaggio a Tokyo - Watabi","og_description":"La guida completa al tuo viaggio a Tokyo. I migliori hotel, i quartieri da visitare e tutte le info per muoversi nella capitale del Giappone.","og_url":"https:\/\/www.watabi.it\/blog\/viaggio-a-tokyo\/","og_site_name":"Watabi","article_publisher":"https:\/\/www.facebook.com\/watabitravel\/","article_modified_time":"2020-09-21T18:35:10+00:00","twitter_card":"summary_large_image","twitter_misc":{"Tempo di lettura stimato":"2 minuti"},"schema":{"@context":"https:\/\/schema.org","@graph":[{"@type":"WebPage","@id":"https:\/\/www.watabi.it\/blog\/viaggio-a-tokyo\/","url":"https:\/\/www.watabi.it\/blog\/viaggio-a-tokyo\/","name":"Viaggio a Tokyo - Watabi","isPartOf":{"@id":"https:\/\/www.watabi.it\/blog\/#website"},"datePublished":"2020-09-17T17:40:48+00:00","dateModified":"2020-09-21T18:35:10+00:00","description":"La guida completa al tuo viaggio a Tokyo. I migliori hotel, i quartieri da visitare e tutte le info per muoversi nella capitale del Giappone.","breadcrumb":{"@id":"https:\/\/www.watabi.it\/blog\/viaggio-a-tokyo\/#breadcrumb"},"inLanguage":"it-IT","potentialAction":[{"@type":"ReadAction","target":["https:\/\/www.watabi.it\/blog\/viaggio-a-tokyo\/"]}]},{"@type":"BreadcrumbList","@id":"https:\/\/www.watabi.it\/blog\/viaggio-a-tokyo\/#breadcrumb","itemListElement":[{"@type":"ListItem","position":1,"name":"Blog","item":"https:\/\/www.watabi.it\/blog\/"},{"@type":"ListItem","position":2,"name":"Viaggio a Tokyo"}]},{"@type":"WebSite","@id":"https:\/\/www.watabi.it\/blog\/#website","url":"https:\/\/www.watabi.it\/blog\/","name":"Watabi","description":"Viaggi in Giappone e Cultura Giapponese","publisher":{"@id":"https:\/\/www.watabi.it\/blog\/#organization"},"potentialAction":[{"@type":"SearchAction","target":{"@type":"EntryPoint","urlTemplate":"https:\/\/www.watabi.it\/blog\/?s={search_term_string}"},"query-input":{"@type":"PropertyValueSpecification","valueRequired":true,"valueName":"search_term_string"}}],"inLanguage":"it-IT"},{"@type":"Organization","@id":"https:\/\/www.watabi.it\/blog\/#organization","name":"Watabi Viaggi e Tours in Giappone","url":"https:\/\/www.watabi.it\/blog\/","logo":{"@type":"ImageObject","inLanguage":"it-IT","@id":"https:\/\/www.watabi.it\/blog\/#\/schema\/logo\/image\/","url":"https:\/\/www.watabi.it\/blog\/wp-content\/uploads\/2019\/05\/logo_wp.png","contentUrl":"https:\/\/www.watabi.it\/blog\/wp-content\/uploads\/2019\/05\/logo_wp.png","width":222,"height":64,"caption":"Watabi Viaggi e Tours in Giappone"},"image":{"@id":"https:\/\/www.watabi.it\/blog\/#\/schema\/logo\/image\/"},"sameAs":["https:\/\/www.facebook.com\/watabitravel\/","https:\/\/www.instagram.com\/watabi_travel\/"]}]}},"_links":{"self":[{"href":"https:\/\/www.watabi.it\/blog\/wp-json\/wp\/v2\/pages\/2517","targetHints":{"allow":["GET"]}}],"collection":[{"href":"https:\/\/www.watabi.it\/blog\/wp-json\/wp\/v2\/pages"}],"about":[{"href":"https:\/\/www.watabi.it\/blog\/wp-json\/wp\/v2\/types\/page"}],"author":[{"embeddable":true,"href":"https:\/\/www.watabi.it\/blog\/wp-json\/wp\/v2\/users\/1"}],"replies":[{"embeddable":true,"href":"https:\/\/www.watabi.it\/blog\/wp-json\/wp\/v2\/comments?post=2517"}],"version-history":[{"count":6,"href":"https:\/\/www.watabi.it\/blog\/wp-json\/wp\/v2\/pages\/2517\/revisions"}],"predecessor-version":[{"id":2564,"href":"https:\/\/www.watabi.it\/blog\/wp-json\/wp\/v2\/pages\/2517\/revisions\/2564"}],"wp:attachment":[{"href":"https:\/\/www.watabi.it\/blog\/wp-json\/wp\/v2\/media?parent=2517"}],"curies":[{"name":"wp","href":"https:\/\/api.w.org\/{rel}","templated":true}]}}